{"id":262554,"date":"2025-10-03T10:43:39","date_gmt":"2025-10-03T08:43:39","guid":{"rendered":"https:\/\/p6212.phpnet.org\/devaquaevent.fr\/?page_id=262554"},"modified":"2025-10-22T14:01:59","modified_gmt":"2025-10-22T12:01:59","slug":"expertises-projet-aquatique","status":"publish","type":"page","link":"https:\/\/p6212.phpnet.org\/devaquaevent.fr\/expertises-projet-aquatique\/","title":{"rendered":"Expertises"},"content":{"rendered":"<p>[et_pb_section fb_built=\u00a0\u00bb1&Prime; _builder_version=\u00a0\u00bb4.27.4&Prime; _module_preset=\u00a0\u00bbdefault\u00a0\u00bb background_color=\u00a0\u00bb#FFFFFF\u00a0\u00bb custom_padding=\u00a0\u00bb||3px|||\u00a0\u00bb global_colors_info=\u00a0\u00bb{}\u00a0\u00bb][et_pb_row _builder_version=\u00a0\u00bb4.27.4&Prime; _module_preset=\u00a0\u00bbdefault\u00a0\u00bb width=\u00a0\u00bb100%\u00a0\u00bb max_width=\u00a0\u00bb100%\u00a0\u00bb custom_padding=\u00a0\u00bb0px||0px||true|false\u00a0\u00bb locked=\u00a0\u00bboff\u00a0\u00bb global_colors_info=\u00a0\u00bb{}\u00a0\u00bb][et_pb_column type=\u00a0\u00bb4_4&Prime; _builder_version=\u00a0\u00bb4.27.4&Prime; _module_preset=\u00a0\u00bbdefault\u00a0\u00bb global_colors_info=\u00a0\u00bb{}\u00a0\u00bb][dipl_background_switcher item_height=\u00a0\u00bb700px\u00a0\u00bb hover_blur_level=\u00a0\u00bb22px\u00a0\u00bb switcher_orientation_tablet=\u00a0\u00bbvertical\u00a0\u00bb switcher_orientation_phone=\u00a0\u00bbvertical\u00a0\u00bb switcher_orientation_last_edited=\u00a0\u00bbon|tablet\u00a0\u00bb item_height_tablet=\u00a0\u00bb165px\u00a0\u00bb item_height_phone=\u00a0\u00bb165px\u00a0\u00bb item_height_last_edited=\u00a0\u00bbon|tablet\u00a0\u00bb _builder_version=\u00a0\u00bb4.27.4&Prime; _module_preset=\u00a0\u00bbdefault\u00a0\u00bb title_font=\u00a0\u00bb|700|||||||\u00a0\u00bb title_text_color=\u00a0\u00bb#FFFFFF\u00a0\u00bb title_font_size=\u00a0\u00bb27px\u00a0\u00bb description_font=\u00a0\u00bbEloquiaDisplay-Regular||||||||\u00a0\u00bb description_text_color=\u00a0\u00bb#FFFFFF\u00a0\u00bb custom_margin=\u00a0\u00bb-193px|||||\u00a0\u00bb custom_padding=\u00a0\u00bb0px|||||\u00a0\u00bb title_font_size_tablet=\u00a0\u00bb24px\u00a0\u00bb title_font_size_phone=\u00a0\u00bb24px\u00a0\u00bb title_font_size_last_edited=\u00a0\u00bbon|tablet\u00a0\u00bb global_colors_info=\u00a0\u00bb{}\u00a0\u00bb][dipl_background_switcher_item title=\u00a0\u00bbPlage en ville\u00a0\u00bb description=\u00a0\u00bbOffrez \u00e0 vos habitants une v\u00e9ritable plage en ville avec animations, piscine temporaire et espaces de d\u00e9tente. Une solution estivale cl\u00e9 en main qui valorise vos espaces publics et attire un large public familial.\u00a0\u00bb show_button=\u00a0\u00bbon\u00a0\u00bb button_text=\u00a0\u00bbVoir la page\u00a0\u00bb button_url=\u00a0\u00bbhttps:\/\/p6212.phpnet.org\/devaquaevent.fr\/plage-en-ville-temporaire\/\u00a0\u00bb item_background_bg_use_color_gradient=\u00a0\u00bbon\u00a0\u00bb item_background_bg_color_gradient_stops=\u00a0\u00bbrgba(0,0,0,0) 60%|rgba(0,0,0,0.55) 100%\u00a0\u00bb item_background_bg_color_gradient_overlays_image=\u00a0\u00bbon\u00a0\u00bb item_background_bg_image=\u00a0\u00bbhttps:\/\/p6212.phpnet.org\/devaquaevent.fr\/wp-content\/uploads\/2025\/01\/ae-expertises-plage-en-ville-banniere-2560&#215;650-1.jpg\u00a0\u00bb _builder_version=\u00a0\u00bb4.27.4&Prime; _module_preset=\u00a0\u00bbdefault\u00a0\u00bb title_font=\u00a0\u00bb|700||on|||||\u00a0\u00bb title_font_size=\u00a0\u00bb37px\u00a0\u00bb custom_button=\u00a0\u00bbon\u00a0\u00bb button_text_size=\u00a0\u00bb17px\u00a0\u00bb button_text_color=\u00a0\u00bb#242424&Prime; button_bg_color=\u00a0\u00bb#cccccc\u00a0\u00bb button_border_width=\u00a0\u00bb0px\u00a0\u00bb button_border_color=\u00a0\u00bb#FFFFFF\u00a0\u00bb button_border_radius=\u00a0\u00bb0px\u00a0\u00bb button_letter_spacing=\u00a0\u00bb0px\u00a0\u00bb button_font=\u00a0\u00bbEloquiaDisplay-Bold|||on|||||\u00a0\u00bb button_use_icon=\u00a0\u00bbon\u00a0\u00bb button_icon=\u00a0\u00bb&#xf054;||fa||900&Prime; button_icon_color=\u00a0\u00bb#FFFFFF\u00a0\u00bb button_icon_placement=\u00a0\u00bbleft\u00a0\u00bb button_custom_padding=\u00a0\u00bb10px|35px|10px|35px|true|true\u00a0\u00bb global_colors_info=\u00a0\u00bb{}\u00a0\u00bb button_bg_color__hover_enabled=\u00a0\u00bbon|desktop\u00a0\u00bb button_bg_color__hover=\u00a0\u00bb#2DBDEF\u00a0\u00bb button_bg_enable_color__hover=\u00a0\u00bbon\u00a0\u00bb button_text_color__hover_enabled=\u00a0\u00bbon|desktop\u00a0\u00bb button_text_color__hover=\u00a0\u00bb#FFFFFF\u00a0\u00bb][\/dipl_background_switcher_item][dipl_background_switcher_item title=\u00a0\u00bbPiscine mobile temporaire\u00a0\u00bb description=\u00a0\u00bbLa location de piscines temporaires permet aux collectivit\u00e9s et aux professionnels d\u2019installer rapidement un espace de baignade attractif. Nos bassins mobiles s\u2019adaptent \u00e0 vos \u00e9v\u00e9nements sportifs et estivaux.\u00a0\u00bb show_button=\u00a0\u00bbon\u00a0\u00bb button_text=\u00a0\u00bbVoir la page\u00a0\u00bb button_url=\u00a0\u00bbhttps:\/\/p6212.phpnet.org\/devaquaevent.fr\/piscine-temporaire\/\u00a0\u00bb item_background_bg_use_color_gradient=\u00a0\u00bbon\u00a0\u00bb item_background_bg_color_gradient_stops=\u00a0\u00bbrgba(0,0,0,0) 60%|rgba(0,0,0,0.55) 100%\u00a0\u00bb item_background_bg_color_gradient_overlays_image=\u00a0\u00bbon\u00a0\u00bb item_background_bg_image=\u00a0\u00bbhttps:\/\/p6212.phpnet.org\/devaquaevent.fr\/wp-content\/uploads\/2025\/03\/ae-expertises-piscine-temporaire-banniere-2560&#215;650-1.jpg\u00a0\u00bb _builder_version=\u00a0\u00bb4.27.4&Prime; _module_preset=\u00a0\u00bbdefault\u00a0\u00bb title_font=\u00a0\u00bb|700||on|||||\u00a0\u00bb title_font_size=\u00a0\u00bb37px\u00a0\u00bb custom_button=\u00a0\u00bbon\u00a0\u00bb button_text_size=\u00a0\u00bb17px\u00a0\u00bb button_text_color=\u00a0\u00bb#242424&Prime; button_bg_color=\u00a0\u00bb#cccccc\u00a0\u00bb button_border_width=\u00a0\u00bb0px\u00a0\u00bb button_border_color=\u00a0\u00bb#FFFFFF\u00a0\u00bb button_border_radius=\u00a0\u00bb0px\u00a0\u00bb button_letter_spacing=\u00a0\u00bb0px\u00a0\u00bb button_font=\u00a0\u00bbEloquiaDisplay-Bold|||on|||||\u00a0\u00bb button_use_icon=\u00a0\u00bbon\u00a0\u00bb button_icon=\u00a0\u00bb&#xf054;||fa||900&Prime; button_icon_color=\u00a0\u00bb#FFFFFF\u00a0\u00bb button_icon_placement=\u00a0\u00bbleft\u00a0\u00bb button_custom_padding=\u00a0\u00bb10px|35px|10px|35px|true|true\u00a0\u00bb global_colors_info=\u00a0\u00bb{}\u00a0\u00bb button_bg_color__hover_enabled=\u00a0\u00bbon|desktop\u00a0\u00bb button_bg_color__hover=\u00a0\u00bb#2DBDEF\u00a0\u00bb button_bg_enable_color__hover=\u00a0\u00bbon\u00a0\u00bb button_text_color__hover_enabled=\u00a0\u00bbon|desktop\u00a0\u00bb button_text_color__hover=\u00a0\u00bb#FFFFFF\u00a0\u00bb][\/dipl_background_switcher_item][dipl_background_switcher_item title=\u00a0\u00bbAire de jeux aquatiques\u00a0\u00bb description=\u00a0\u00bbInstallez une aire de jeux aquatiques ludique et s\u00e9curis\u00e9e pour dynamiser vos \u00e9v\u00e9nements d\u2019\u00e9t\u00e9. En location pour les collectivit\u00e9s, elle permet de rafra\u00eechir et divertir les familles tout en cr\u00e9ant un espace convivial.\u00a0\u00bb show_button=\u00a0\u00bbon\u00a0\u00bb button_text=\u00a0\u00bbVoir la page\u00a0\u00bb button_url=\u00a0\u00bbhttps:\/\/p6212.phpnet.org\/devaquaevent.fr\/aire-jeux-aquatiques\/\u00a0\u00bb item_background_bg_use_color_gradient=\u00a0\u00bbon\u00a0\u00bb item_background_bg_color_gradient_stops=\u00a0\u00bbrgba(0,0,0,0) 60%|rgba(0,0,0,0.55) 100%\u00a0\u00bb item_background_bg_color_gradient_overlays_image=\u00a0\u00bbon\u00a0\u00bb item_background_bg_image=\u00a0\u00bbhttps:\/\/p6212.phpnet.org\/devaquaevent.fr\/wp-content\/uploads\/2025\/03\/ae-expertises-aja-banniere-2560&#215;650-1.jpg\u00a0\u00bb _builder_version=\u00a0\u00bb4.27.4&Prime; _module_preset=\u00a0\u00bbdefault\u00a0\u00bb title_font=\u00a0\u00bb|700||on|||||\u00a0\u00bb title_font_size=\u00a0\u00bb37px\u00a0\u00bb custom_button=\u00a0\u00bbon\u00a0\u00bb button_text_size=\u00a0\u00bb17px\u00a0\u00bb button_text_color=\u00a0\u00bb#242424&Prime; button_bg_color=\u00a0\u00bb#cccccc\u00a0\u00bb button_border_width=\u00a0\u00bb0px\u00a0\u00bb button_border_color=\u00a0\u00bb#FFFFFF\u00a0\u00bb button_border_radius=\u00a0\u00bb0px\u00a0\u00bb button_letter_spacing=\u00a0\u00bb0px\u00a0\u00bb button_font=\u00a0\u00bbEloquiaDisplay-Bold|||on|||||\u00a0\u00bb button_use_icon=\u00a0\u00bbon\u00a0\u00bb button_icon=\u00a0\u00bb&#xf054;||fa||900&Prime; button_icon_color=\u00a0\u00bb#FFFFFF\u00a0\u00bb button_icon_placement=\u00a0\u00bbleft\u00a0\u00bb button_custom_padding=\u00a0\u00bb10px|35px|10px|35px|true|true\u00a0\u00bb global_colors_info=\u00a0\u00bb{}\u00a0\u00bb button_bg_color__hover_enabled=\u00a0\u00bbon|desktop\u00a0\u00bb button_bg_color__hover=\u00a0\u00bb#2DBDEF\u00a0\u00bb button_bg_enable_color__hover=\u00a0\u00bbon\u00a0\u00bb button_text_color__hover_enabled=\u00a0\u00bbon|desktop\u00a0\u00bb button_text_color__hover=\u00a0\u00bb#FFFFFF\u00a0\u00bb][\/dipl_background_switcher_item][\/dipl_background_switcher][\/et_pb_column][\/et_pb_row][\/et_pb_section][et_pb_section fb_built=\u00a0\u00bb1&Prime; _builder_version=\u00a0\u00bb4.27.4&Prime; _module_preset=\u00a0\u00bbdefault\u00a0\u00bb background_color=\u00a0\u00bb#FFFFFF\u00a0\u00bb custom_padding=\u00a0\u00bb||3px|||\u00a0\u00bb global_colors_info=\u00a0\u00bb{}\u00a0\u00bb][et_pb_row _builder_version=\u00a0\u00bb4.27.4&Prime; _module_preset=\u00a0\u00bbdefault\u00a0\u00bb width=\u00a0\u00bb100%\u00a0\u00bb max_width=\u00a0\u00bb100%\u00a0\u00bb custom_padding=\u00a0\u00bb0px||0px||true|false\u00a0\u00bb locked=\u00a0\u00bboff\u00a0\u00bb global_colors_info=\u00a0\u00bb{}\u00a0\u00bb][et_pb_column type=\u00a0\u00bb4_4&Prime; _builder_version=\u00a0\u00bb4.27.4&Prime; _module_preset=\u00a0\u00bbdefault\u00a0\u00bb global_colors_info=\u00a0\u00bb{}\u00a0\u00bb][dipl_background_switcher item_height=\u00a0\u00bb700px\u00a0\u00bb hover_blur_level=\u00a0\u00bb22px\u00a0\u00bb switcher_orientation_tablet=\u00a0\u00bbvertical\u00a0\u00bb switcher_orientation_phone=\u00a0\u00bbvertical\u00a0\u00bb switcher_orientation_last_edited=\u00a0\u00bbon|tablet\u00a0\u00bb item_height_tablet=\u00a0\u00bb165px\u00a0\u00bb item_height_phone=\u00a0\u00bb165px\u00a0\u00bb item_height_last_edited=\u00a0\u00bbon|tablet\u00a0\u00bb _builder_version=\u00a0\u00bb4.27.4&Prime; _module_preset=\u00a0\u00bbdefault\u00a0\u00bb title_font=\u00a0\u00bb|700|||||||\u00a0\u00bb title_text_color=\u00a0\u00bb#FFFFFF\u00a0\u00bb title_font_size=\u00a0\u00bb24px\u00a0\u00bb description_text_color=\u00a0\u00bb#FFFFFF\u00a0\u00bb custom_margin=\u00a0\u00bb-63px|||||\u00a0\u00bb custom_padding=\u00a0\u00bb||4px|||\u00a0\u00bb title_font_size_tablet=\u00a0\u00bb24px\u00a0\u00bb title_font_size_phone=\u00a0\u00bb24px\u00a0\u00bb title_font_size_last_edited=\u00a0\u00bbon|tablet\u00a0\u00bb global_colors_info=\u00a0\u00bb{}\u00a0\u00bb][dipl_background_switcher_item title=\u00a0\u00bbMobilier \u00e9v\u00e9nementiel\u00a0\u00bb description=\u00a0\u00bbAm\u00e9nagez vos espaces estivaux avec du mobilier \u00e9v\u00e9nementiel en location. Confortable, pratique et esth\u00e9tique, il prolonge la dur\u00e9e de visite, favorise la convivialit\u00e9 et valorise vos \u00e9v\u00e9nements publics.\u00a0\u00bb show_button=\u00a0\u00bbon\u00a0\u00bb button_text=\u00a0\u00bbVoir la page\u00a0\u00bb button_url=\u00a0\u00bbhttps:\/\/p6212.phpnet.org\/devaquaevent.fr\/mobilier-evenementiel\/\u00a0\u00bb item_background_bg_use_color_gradient=\u00a0\u00bbon\u00a0\u00bb item_background_bg_color_gradient_stops=\u00a0\u00bbrgba(0,0,0,0) 60%|rgba(0,0,0,0.55) 100%\u00a0\u00bb item_background_bg_color_gradient_overlays_image=\u00a0\u00bbon\u00a0\u00bb item_background_bg_image=\u00a0\u00bbhttps:\/\/p6212.phpnet.org\/devaquaevent.fr\/wp-content\/uploads\/2025\/10\/mobilier-1920&#215;500-1.jpg\u00a0\u00bb _builder_version=\u00a0\u00bb4.27.4&Prime; _module_preset=\u00a0\u00bbdefault\u00a0\u00bb title_font=\u00a0\u00bb|700||on|||||\u00a0\u00bb title_font_size=\u00a0\u00bb37px\u00a0\u00bb custom_button=\u00a0\u00bbon\u00a0\u00bb button_text_size=\u00a0\u00bb17px\u00a0\u00bb button_text_color=\u00a0\u00bb#242424&Prime; button_bg_color=\u00a0\u00bb#cccccc\u00a0\u00bb button_border_width=\u00a0\u00bb0px\u00a0\u00bb button_border_color=\u00a0\u00bb#FFFFFF\u00a0\u00bb button_border_radius=\u00a0\u00bb0px\u00a0\u00bb button_letter_spacing=\u00a0\u00bb0px\u00a0\u00bb button_font=\u00a0\u00bbEloquiaDisplay-Bold|||on|||||\u00a0\u00bb button_use_icon=\u00a0\u00bbon\u00a0\u00bb button_icon=\u00a0\u00bb&#xf054;||fa||900&Prime; button_icon_color=\u00a0\u00bb#FFFFFF\u00a0\u00bb button_icon_placement=\u00a0\u00bbleft\u00a0\u00bb button_custom_padding=\u00a0\u00bb10px|35px|10px|35px|true|true\u00a0\u00bb global_colors_info=\u00a0\u00bb{}\u00a0\u00bb button_bg_color__hover_enabled=\u00a0\u00bbon|desktop\u00a0\u00bb button_bg_color__hover=\u00a0\u00bb#2DBDEF\u00a0\u00bb button_bg_enable_color__hover=\u00a0\u00bbon\u00a0\u00bb button_text_color__hover_enabled=\u00a0\u00bbon|desktop\u00a0\u00bb button_text_color__hover=\u00a0\u00bb#FFFFFF\u00a0\u00bb][\/dipl_background_switcher_item][dipl_background_switcher_item title=\u00a0\u00bbPataugeoire mobile temporaire\u00a0\u00bb description=\u00a0\u00bbProposez aux plus jeunes un espace s\u00e9curis\u00e9 avec nos pataugeoires mobiles en location. Faciles \u00e0 installer, elles compl\u00e8tent vos villages d\u2019\u00e9t\u00e9 et renforcent l\u2019attractivit\u00e9 des \u00e9v\u00e9nements publics ou touristiques.\u00a0\u00bb show_button=\u00a0\u00bbon\u00a0\u00bb button_text=\u00a0\u00bbVoir la page\u00a0\u00bb button_url=\u00a0\u00bbhttps:\/\/p6212.phpnet.org\/devaquaevent.fr\/pataugeoire-temporaire\/\u00a0\u00bb item_background_bg_use_color_gradient=\u00a0\u00bbon\u00a0\u00bb item_background_bg_color_gradient_stops=\u00a0\u00bbrgba(0,0,0,0) 60%|rgba(0,0,0,0.55) 100%\u00a0\u00bb item_background_bg_color_gradient_overlays_image=\u00a0\u00bbon\u00a0\u00bb item_background_bg_image=\u00a0\u00bbhttps:\/\/p6212.phpnet.org\/devaquaevent.fr\/wp-content\/uploads\/2025\/10\/pataugeoire-1920&#215;500-1.jpg\u00a0\u00bb _builder_version=\u00a0\u00bb4.27.4&Prime; _module_preset=\u00a0\u00bbdefault\u00a0\u00bb title_font=\u00a0\u00bb|700||on|||||\u00a0\u00bb title_font_size=\u00a0\u00bb37px\u00a0\u00bb custom_button=\u00a0\u00bbon\u00a0\u00bb button_text_size=\u00a0\u00bb17px\u00a0\u00bb button_text_color=\u00a0\u00bb#242424&Prime; button_bg_color=\u00a0\u00bb#cccccc\u00a0\u00bb button_border_width=\u00a0\u00bb0px\u00a0\u00bb button_border_color=\u00a0\u00bb#FFFFFF\u00a0\u00bb button_border_radius=\u00a0\u00bb0px\u00a0\u00bb button_letter_spacing=\u00a0\u00bb0px\u00a0\u00bb button_font=\u00a0\u00bbEloquiaDisplay-Bold|||on|||||\u00a0\u00bb button_use_icon=\u00a0\u00bbon\u00a0\u00bb button_icon=\u00a0\u00bb&#xf054;||fa||900&Prime; button_icon_color=\u00a0\u00bb#FFFFFF\u00a0\u00bb button_icon_placement=\u00a0\u00bbleft\u00a0\u00bb button_custom_padding=\u00a0\u00bb10px|35px|10px|35px|true|true\u00a0\u00bb global_colors_info=\u00a0\u00bb{}\u00a0\u00bb button_bg_color__hover_enabled=\u00a0\u00bbon|desktop\u00a0\u00bb button_bg_color__hover=\u00a0\u00bb#2DBDEF\u00a0\u00bb button_bg_enable_color__hover=\u00a0\u00bbon\u00a0\u00bb button_text_color__hover_enabled=\u00a0\u00bbon|desktop\u00a0\u00bb button_text_color__hover=\u00a0\u00bb#FFFFFF\u00a0\u00bb][\/dipl_background_switcher_item][dipl_background_switcher_item title=\u00a0\u00bbBrumisation urbaine\u00a0\u00bb description=\u00a0\u00bbCr\u00e9ez des zones de fra\u00eecheur en ville gr\u00e2ce \u00e0 nos solutions de brumisation en location. Id\u00e9ales pour les collectivit\u00e9s et les \u00e9v\u00e9nements estivaux, elles apportent confort, bien-\u00eatre et attractivit\u00e9 aux usagers.\u00a0\u00bb show_button=\u00a0\u00bbon\u00a0\u00bb button_text=\u00a0\u00bbVoir la page\u00a0\u00bb button_url=\u00a0\u00bbhttps:\/\/p6212.phpnet.org\/devaquaevent.fr\/brumisation\/\u00a0\u00bb item_background_bg_use_color_gradient=\u00a0\u00bbon\u00a0\u00bb item_background_bg_color_gradient_stops=\u00a0\u00bbrgba(0,0,0,0) 60%|rgba(0,0,0,0.55) 100%\u00a0\u00bb item_background_bg_color_gradient_overlays_image=\u00a0\u00bbon\u00a0\u00bb item_background_bg_image=\u00a0\u00bbhttps:\/\/p6212.phpnet.org\/devaquaevent.fr\/wp-content\/uploads\/2025\/10\/brumisation-1920&#215;500-1.jpg\u00a0\u00bb _builder_version=\u00a0\u00bb4.27.4&Prime; _module_preset=\u00a0\u00bbdefault\u00a0\u00bb title_font=\u00a0\u00bb|700||on|||||\u00a0\u00bb title_font_size=\u00a0\u00bb37px\u00a0\u00bb custom_button=\u00a0\u00bbon\u00a0\u00bb button_text_size=\u00a0\u00bb17px\u00a0\u00bb button_text_color=\u00a0\u00bb#242424&Prime; button_bg_color=\u00a0\u00bb#cccccc\u00a0\u00bb button_border_width=\u00a0\u00bb0px\u00a0\u00bb button_border_color=\u00a0\u00bb#FFFFFF\u00a0\u00bb button_border_radius=\u00a0\u00bb0px\u00a0\u00bb button_letter_spacing=\u00a0\u00bb0px\u00a0\u00bb button_font=\u00a0\u00bbEloquiaDisplay-Bold|||on|||||\u00a0\u00bb button_use_icon=\u00a0\u00bbon\u00a0\u00bb button_icon=\u00a0\u00bb&#xf054;||fa||900&Prime; button_icon_color=\u00a0\u00bb#FFFFFF\u00a0\u00bb button_icon_placement=\u00a0\u00bbleft\u00a0\u00bb button_custom_padding=\u00a0\u00bb10px|35px|10px|35px|true|true\u00a0\u00bb global_colors_info=\u00a0\u00bb{}\u00a0\u00bb button_bg_color__hover_enabled=\u00a0\u00bbon|desktop\u00a0\u00bb button_bg_color__hover=\u00a0\u00bb#2DBDEF\u00a0\u00bb button_bg_enable_color__hover=\u00a0\u00bbon\u00a0\u00bb button_text_color__hover_enabled=\u00a0\u00bbon|desktop\u00a0\u00bb button_text_color__hover=\u00a0\u00bb#FFFFFF\u00a0\u00bb][\/dipl_background_switcher_item][\/dipl_background_switcher][\/et_pb_column][\/et_pb_row][\/et_pb_section]<\/p>\n","protected":false},"excerpt":{"rendered":"<p>Aqua Event propose des syst\u00e8mes de brumisation mobiles et temporaires, pour les collectivit\u00e9s, parfaits pour rafra\u00eechir les espaces urbains publics.<\/p>\n","protected":false},"author":3,"featured_media":3609,"parent":0,"menu_order":0,"comment_status":"closed","ping_status":"closed","template":"page-template-blank.php","meta":{"_et_pb_use_builder":"on","_et_pb_old_content":"","_et_gb_content_width":"","rs_blank_template":"","rs_page_bg_color":"","slide_template_v7":"","inline_featured_image":false,"footnotes":""},"class_list":["post-262554","page","type-page","status-publish","has-post-thumbnail","hentry"],"_links":{"self":[{"href":"https:\/\/p6212.phpnet.org\/devaquaevent.fr\/wp-json\/wp\/v2\/pages\/262554","targetHints":{"allow":["GET"]}}],"collection":[{"href":"https:\/\/p6212.phpnet.org\/devaquaevent.fr\/wp-json\/wp\/v2\/pages"}],"about":[{"href":"https:\/\/p6212.phpnet.org\/devaquaevent.fr\/wp-json\/wp\/v2\/types\/page"}],"author":[{"embeddable":true,"href":"https:\/\/p6212.phpnet.org\/devaquaevent.fr\/wp-json\/wp\/v2\/users\/3"}],"replies":[{"embeddable":true,"href":"https:\/\/p6212.phpnet.org\/devaquaevent.fr\/wp-json\/wp\/v2\/comments?post=262554"}],"version-history":[{"count":14,"href":"https:\/\/p6212.phpnet.org\/devaquaevent.fr\/wp-json\/wp\/v2\/pages\/262554\/revisions"}],"predecessor-version":[{"id":263316,"href":"https:\/\/p6212.phpnet.org\/devaquaevent.fr\/wp-json\/wp\/v2\/pages\/262554\/revisions\/263316"}],"wp:featuredmedia":[{"embeddable":true,"href":"https:\/\/p6212.phpnet.org\/devaquaevent.fr\/wp-json\/wp\/v2\/media\/3609"}],"wp:attachment":[{"href":"https:\/\/p6212.phpnet.org\/devaquaevent.fr\/wp-json\/wp\/v2\/media?parent=262554"}],"curies":[{"name":"wp","href":"https:\/\/api.w.org\/{rel}","templated":true}]}}